{"id":8745,"date":"2023-05-04T11:38:57","date_gmt":"2023-05-04T09:38:57","guid":{"rendered":"https:\/\/testmaj.sybotx.fr\/wordpress\/?page_id=8745"},"modified":"2023-07-17T12:31:16","modified_gmt":"2023-07-17T10:31:16","slug":"politique-de-confidentialite","status":"publish","type":"page","link":"https:\/\/testmaj.sybotx.fr\/wordpress\/politique-de-confidentialite\/","title":{"rendered":"Politique de confidentialit\u00e9"},"content":{"rendered":"\t\t<div data-elementor-type=\"wp-page\" data-elementor-id=\"8745\" class=\"elementor elementor-8745\">\n\t\t\t\t<div class=\"elementor-element elementor-element-60a3bae e-con-full e-flex e-con e-parent\" data-id=\"60a3bae\" data-element_type=\"container\" data-e-type=\"container\">\n\t\t\t\t<\/div>\n\t\t<div class=\"elementor-element elementor-element-e82cd7f e-flex e-con-boxed e-con e-parent\" data-id=\"e82cd7f\" data-element_type=\"container\" data-e-type=\"container\">\n\t\t\t\t\t<div class=\"e-con-inner\">\n\t\t\t\t<div class=\"elementor-element elementor-element-ba165f9 elementor-widget elementor-widget-heading\" data-id=\"ba165f9\" data-element_type=\"widget\" data-e-type=\"widget\" data-widget_type=\"heading.default\">\n\t\t\t\t<div class=\"elementor-widget-container\">\n\t\t\t\t\t<h2 class=\"elementor-heading-title elementor-size-default\">POLITIQUE DE CONFIDENTIALIT\u00c9<\/h2>\t\t\t\t<\/div>\n\t\t\t\t<\/div>\n\t\t\t\t\t<\/div>\n\t\t\t\t<\/div>\n\t\t<div class=\"elementor-element elementor-element-60b314d e-flex e-con-boxed e-con e-parent\" data-id=\"60b314d\" data-element_type=\"container\" data-e-type=\"container\">\n\t\t\t\t\t<div class=\"e-con-inner\">\n\t\t\t\t<div class=\"elementor-element elementor-element-23505e3 elementor-widget elementor-widget-text-editor\" data-id=\"23505e3\" data-element_type=\"widget\" data-e-type=\"widget\" data-widget_type=\"text-editor.default\">\n\t\t\t\t<div class=\"elementor-widget-container\">\n\t\t\t\t\t\t\t\t\t<p>La pr\u00e9sente Politique de confidentialit\u00e9 d\u00e9crit les r\u00e8gles applicables \u00e0 la collecte, au traitement et \u00e0 la conservation de vos donn\u00e9es personnelles lorsque vous utilisez le site internet <a href=\"http:\/\/www.sybotx.com\/\" target=\"_new\">www.sybotx.com<\/a> (ci-apr\u00e8s d\u00e9nomm\u00e9 le \u00ab Site \u00bb). La soci\u00e9t\u00e9 SybotX (ci-apr\u00e8s d\u00e9nomm\u00e9e \u00ab nous \u00bb) est soucieuse de prot\u00e9ger votre vie priv\u00e9e et s&#8217;engage \u00e0 traiter vos donn\u00e9es personnelles conform\u00e9ment \u00e0 la l\u00e9gislation en vigueur, notamment la loi n\u00b0 78-17 du 6 janvier 1978 modifi\u00e9e relative \u00e0 l&#8217;informatique, aux fichiers et aux libert\u00e9s ainsi que le r\u00e8glement europ\u00e9en 2016\/679 du 27 avril 2016 relatif \u00e0 la protection des donn\u00e9es personnelles (RGPD).<\/p><p><b>LES DONN\u00c9ES QUE NOUS COLLECTONS :<\/b><\/p><p>Nous collectons les donn\u00e9es personnelles que vous nous fournissez directement, notamment lorsque vous remplissez un formulaire de contact sur notre Site. Les donn\u00e9es personnelles collect\u00e9es peuvent inclure votre nom, votre adresse e-mail, votre num\u00e9ro de t\u00e9l\u00e9phone et toute autre information que vous nous communiquez volontairement.<\/p><p><b>COMMENT NOUS UTILISONS VOS DONN\u00c9ES :<\/b><\/p><p>Nous utilisons vos donn\u00e9es personnelles pour r\u00e9pondre \u00e0 vos demandes de renseignements, pour vous contacter et pour vous informer de nos produits et services. Nous pouvons \u00e9galement utiliser vos donn\u00e9es personnelles pour effectuer des enqu\u00eates et des analyses pour am\u00e9liorer nos produits et services.<\/p><p><b>PARTAGE DE VOS DONN\u00c9ES :<\/b><\/p><p>Nous ne vendons ni ne louons vos donn\u00e9es personnelles \u00e0 des tiers. Nous pouvons toutefois partager vos donn\u00e9es personnelles avec nos prestataires de services (h\u00e9bergeur, prestataires techniques et logistiques) pour nous aider \u00e0 fournir des services li\u00e9s au Site. Nous pouvons \u00e9galement partager vos donn\u00e9es personnelles avec des tiers si cela est requis par la loi ou si nous croyons que cela est n\u00e9cessaire pour prot\u00e9ger nos droits, nos biens ou notre s\u00e9curit\u00e9, ou ceux de tiers.<\/p><p><b>S\u00c9CURIT\u00c9 DE VOS DONN\u00c9ES :<\/b><\/p><p>Nous prenons des mesures de s\u00e9curit\u00e9 appropri\u00e9es pour prot\u00e9ger vos donn\u00e9es personnelles contre la perte, l&#8217;utilisation abusive, l&#8217;acc\u00e8s non autoris\u00e9, la divulgation, l&#8217;alt\u00e9ration ou la destruction. Nous utilisons des technologies de cryptage pour prot\u00e9ger les informations sensibles transmises en ligne. Toutefois, malgr\u00e9 ces mesures de s\u00e9curit\u00e9, nous ne pouvons garantir la s\u00e9curit\u00e9 absolue de vos donn\u00e9es personnelles.<\/p><p><b>VOS DROITS :<\/b><\/p><p>Conform\u00e9ment \u00e0 la loi n\u00b0 78-17 du 6 janvier 1978 modifi\u00e9e relative \u00e0 l&#8217;informatique, aux fichiers et aux libert\u00e9s, vous disposez d&#8217;un droit d&#8217;acc\u00e8s, de rectification, d&#8217;opposition, de suppression et de portabilit\u00e9 des donn\u00e9es vous concernant. Vous pouvez \u00e9galement retirer votre consentement \u00e0 tout moment. Vous pouvez exercer ces droits en nous contactant \u00e0 l&#8217;adresse e-mail suivante : <a href=\"mailto:contact@sybotx.com\" target=\"_new\">contact@sybotx.com<\/a>. Nous vous r\u00e9pondrons dans les meilleurs d\u00e9lais et ferons de notre mieux pour r\u00e9pondre \u00e0 votre demande.<\/p><p><strong>COOKIES :<\/strong><\/p><p>Lors de votre visite sur le Site, des cookies peuvent \u00eatre d\u00e9pos\u00e9s sur votre terminal (ordinateur, tablette, smartphone) sous r\u00e9serve de votre accord ou sauf si vous avez configur\u00e9 votre navigateur pour qu&#8217;il refuse les cookies. Les cookies d\u00e9pos\u00e9s sur votre terminal sont utilis\u00e9s pour permettre la navigation sur le Site, personnaliser les contenus et analyser le trafic. Vous pouvez \u00e0 tout moment modifier vos pr\u00e9f\u00e9rences en mati\u00e8re de cookies en acc\u00e9dant aux param\u00e8tres de votre navigateur.<\/p><p><strong>DUR\u00c9E DE CONSERVATION :<\/strong><\/p><p>Les donn\u00e9es personnelles collect\u00e9es sont conserv\u00e9es pendant une dur\u00e9e maximale de trois ans \u00e0 compter du dernier contact entre l\u2019utilisateur et SybotX, sauf si une r\u00e9glementation ou une disposition l\u00e9gale impose une dur\u00e9e de conservation plus longue.<\/p><p><strong>DROIT D&#8217;ACC\u00c8S, DE MODIFICATION, DE RECTIFICATION ET DE SUPPRESSION :<\/strong><\/p><p>Conform\u00e9ment \u00e0 la r\u00e9glementation en vigueur, vous disposez d&#8217;un droit d&#8217;acc\u00e8s, de modification, de rectification et de suppression des donn\u00e9es qui vous concernent. Vous pouvez exercer ce droit en nous contactant par email \u00e0 l&#8217;adresse suivante : <a href=\"mailto:contact@sybotx.com\" target=\"_new\">contact@sybotx.com<\/a><\/p><p><strong>S\u00c9CURIT\u00c9 :<\/strong><\/p><p>Nous mettons en \u0153uvre des mesures de s\u00e9curit\u00e9 techniques et organisationnelles appropri\u00e9es pour prot\u00e9ger vos donn\u00e9es personnelles contre tout acc\u00e8s non autoris\u00e9 ou toute utilisation illicite, perte, destruction ou dommage accidentel, mais \u00e9galement pour garantir leur confidentialit\u00e9 et leur int\u00e9grit\u00e9.<\/p><p><strong>MODIFICATIONS DE LA POLITIQUE DE CONFIDENTIALIT\u00c9 :<\/strong><\/p><p>Nous nous r\u00e9servons le droit de modifier cette politique de confidentialit\u00e9 \u00e0 tout moment, notamment en raison de l&#8217;\u00e9volution des r\u00e8gles applicables en mati\u00e8re de protection des donn\u00e9es \u00e0 caract\u00e8re personnel. Nous vous recommandons de consulter r\u00e9guli\u00e8rement cette page pour prendre connaissance de toute modification ou mise \u00e0 jour de notre politique de confidentialit\u00e9.<\/p><p><strong>CONTACT :<\/strong><\/p><p>Si vous avez des questions, des commentaires ou des demandes concernant notre politique de confidentialit\u00e9 ou nos pratiques en mati\u00e8re de traitement des donn\u00e9es personnelles, vous pouvez nous contacter par email \u00e0 l&#8217;adresse suivante : <a href=\"mailto:contact@sybotx.com\" target=\"_new\">contact@sybotx.com<\/a>.<\/p>\t\t\t\t\t\t\t\t<\/div>\n\t\t\t\t<\/div>\n\t\t\t\t\t<\/div>\n\t\t\t\t<\/div>\n\t\t\t\t<\/div>\n\t\t","protected":false},"excerpt":{"rendered":"<p>POLITIQUE DE CONFIDENTIALIT\u00c9 La pr\u00e9sente Politique de confidentialit\u00e9 d\u00e9crit les r\u00e8gles applicables \u00e0 la collecte, au traitement et \u00e0 la conservation de vos donn\u00e9es personnelles lorsque vous utilisez le site internet www.sybotx.com (ci-apr\u00e8s d\u00e9nomm\u00e9 le \u00ab Site \u00bb). La soci\u00e9t\u00e9 SybotX (ci-apr\u00e8s d\u00e9nomm\u00e9e \u00ab nous \u00bb) est soucieuse de prot\u00e9ger votre vie priv\u00e9e et s&#8217;engage [&hellip;]<\/p>\n","protected":false},"author":1,"featured_media":0,"parent":0,"menu_order":0,"comment_status":"closed","ping_status":"closed","template":"","meta":{"footnotes":""},"class_list":["post-8745","page","type-page","status-publish","hentry"],"aioseo_notices":[],"_links":{"self":[{"href":"https:\/\/testmaj.sybotx.fr\/wordpress\/wp-json\/wp\/v2\/pages\/8745","targetHints":{"allow":["GET"]}}],"collection":[{"href":"https:\/\/testmaj.sybotx.fr\/wordpress\/wp-json\/wp\/v2\/pages"}],"about":[{"href":"https:\/\/testmaj.sybotx.fr\/wordpress\/wp-json\/wp\/v2\/types\/page"}],"author":[{"embeddable":true,"href":"https:\/\/testmaj.sybotx.fr\/wordpress\/wp-json\/wp\/v2\/users\/1"}],"replies":[{"embeddable":true,"href":"https:\/\/testmaj.sybotx.fr\/wordpress\/wp-json\/wp\/v2\/comments?post=8745"}],"version-history":[{"count":0,"href":"https:\/\/testmaj.sybotx.fr\/wordpress\/wp-json\/wp\/v2\/pages\/8745\/revisions"}],"wp:attachment":[{"href":"https:\/\/testmaj.sybotx.fr\/wordpress\/wp-json\/wp\/v2\/media?parent=8745"}],"curies":[{"name":"wp","href":"https:\/\/api.w.org\/{rel}","templated":true}]}}