{"id":8717,"date":"2023-05-04T11:12:18","date_gmt":"2023-05-04T09:12:18","guid":{"rendered":"https:\/\/testmaj.sybotx.fr\/wordpress\/?page_id=8717"},"modified":"2023-05-04T11:36:41","modified_gmt":"2023-05-04T09:36:41","slug":"mentions-legales","status":"publish","type":"page","link":"https:\/\/testmaj.sybotx.fr\/wordpress\/mentions-legales\/","title":{"rendered":"Mentions L\u00e9gales"},"content":{"rendered":"\t\t<div data-elementor-type=\"wp-page\" data-elementor-id=\"8717\" class=\"elementor elementor-8717\">\n\t\t\t\t<div class=\"elementor-element elementor-element-2b8ecc1 e-con-full e-flex e-con e-parent\" data-id=\"2b8ecc1\" data-element_type=\"container\" data-e-type=\"container\">\n\t\t\t\t<\/div>\n\t\t<div class=\"elementor-element elementor-element-220ea8c e-flex e-con-boxed e-con e-parent\" data-id=\"220ea8c\" data-element_type=\"container\" data-e-type=\"container\">\n\t\t\t\t\t<div class=\"e-con-inner\">\n\t\t\t\t<div class=\"elementor-element elementor-element-eb2cf78 elementor-widget elementor-widget-heading\" data-id=\"eb2cf78\" data-element_type=\"widget\" data-e-type=\"widget\" data-widget_type=\"heading.default\">\n\t\t\t\t<div class=\"elementor-widget-container\">\n\t\t\t\t\t<h2 class=\"elementor-heading-title elementor-size-default\">MENTIONS L\u00c9GALES<\/h2>\t\t\t\t<\/div>\n\t\t\t\t<\/div>\n\t\t\t\t\t<\/div>\n\t\t\t\t<\/div>\n\t\t<div class=\"elementor-element elementor-element-12fe116 e-flex e-con-boxed e-con e-parent\" data-id=\"12fe116\" data-element_type=\"container\" data-e-type=\"container\">\n\t\t\t\t\t<div class=\"e-con-inner\">\n\t\t\t\t<div class=\"elementor-element elementor-element-031b713 elementor-widget elementor-widget-text-editor\" data-id=\"031b713\" data-element_type=\"widget\" data-e-type=\"widget\" data-widget_type=\"text-editor.default\">\n\t\t\t\t<div class=\"elementor-widget-container\">\n\t\t\t\t\t\t\t\t\t<p><strong>IDENTIT\u00c9 :<\/strong> <br \/>Le site <a href=\"http:\/\/www.sybotx.com\/\" target=\"_new\">www.sybotx.com<\/a> (ci-apr\u00e8s d\u00e9nomm\u00e9 le \u00ab Site \u00bb) est \u00e9dit\u00e9 et exploit\u00e9 par la soci\u00e9t\u00e9 SybotX, SAS de droit fran\u00e7ais au capital social de 10 000 \u20ac, dont le si\u00e8ge social est situ\u00e9 Immeuble Danica B 21, avenue Georges Pompidou 69003 &#8211; Lyon (France), immatricul\u00e9e au Registre du commerce et des soci\u00e9t\u00e9s de LYON sous le num\u00e9ro 883 236 283.<\/p><p>SIRET : 88323628300015 <br \/>Code activit\u00e9 (NAF) : 7112B<br \/>Repr\u00e9sentants l\u00e9gaux : David BINDER \/ Nicolas Philippe BARBIER\u00a0<br \/>Responsables de la publication : David BINDER \/ Nicolas Philippe BARBIER<\/p><p><strong>PROPRI\u00c9T\u00c9 INTELLECTUELLE :<\/strong> <br \/>Le Site est une \u0153uvre de l\u2019esprit prot\u00e9g\u00e9e par la loi. Son contenu, y compris les textes, illustrations, photographies et pr\u00e9sentations sont strictement r\u00e9serv\u00e9s au titre du droit d&#8217;auteur ainsi qu&#8217;au titre de la propri\u00e9t\u00e9 intellectuelle. Il en va de m\u00eame de la base de donn\u00e9es contenue sur le Site. La soci\u00e9t\u00e9 SybotX vous accorde une licence limit\u00e9e, non-exclusive, r\u00e9vocable, sans droit de sous-licencier sur le contenu du Site, et ce, pour les simples acc\u00e8s, navigation et utilisation li\u00e9s au Site. Cette licence ne vous accorde aucun autre droit, en particulier d&#8217;exploitation commerciale de ces contenus.<\/p><p><strong>MARQUE : <\/strong><br \/>Les d\u00e9nominations sociales, marques et signes distinctifs figurant sur le Site sont prot\u00e9g\u00e9s par la loi fran\u00e7aise et internationale. Toute utilisation, reproduction, diffusion ou repr\u00e9sentation de tout ou partie d&#8217;un des signes pr\u00e9cit\u00e9s sans autorisation expresse \u00e9crite est interdite.<\/p><p><strong>LOI &#8220;INFORMATIQUE ET LIBERT\u00c9S&#8221; : <\/strong><br \/>Les internautes sont inform\u00e9s qu\u2019ils disposent d\u2019un droit d\u2019acc\u00e8s, de modification, de rectification et de suppression des donn\u00e9es qui les concernent (art. 34 et suivants de la loi du 06\/01\/78 \u00ab Informatique et Libert\u00e9s \u00bb). Pour l\u2019exercer, adressez-vous \u00e0 l\u2019adresse suivante : <a href=\"mailto:contact@sybotx.com\" target=\"_new\">contact@sybotx.com<\/a><\/p><p>Nous vous informons de l\u2019existence de la liste d&#8217;opposition au d\u00e9marchage t\u00e9l\u00e9phonique \u00ab Bloctel \u00bb, sur laquelle vous pouvez vous inscrire ici : <a href=\"https:\/\/conso.bloctel.fr\/\" target=\"_new\">https:\/\/conso.bloctel.fr\/<\/a><\/p><p><strong>LIMITATION DE RESPONSABILIT\u00c9 : <\/strong><br \/>Nous nous effor\u00e7ons d&#8217;assurer, au mieux de nos possibilit\u00e9s, l&#8217;exactitude et l\u2019actualit\u00e9 des informations diffus\u00e9es sur le Site. Nous nous r\u00e9servons le droit de corriger et de modifier le contenu du Site \u00e0 tout moment et sans pr\u00e9avis. Il appartient aux visiteurs du Site de v\u00e9rifier l&#8217;information donn\u00e9e sur le Site par d&#8217;autres moyens, y compris en nous contactant directement.<br \/>Nous d\u00e9clinons toute responsabilit\u00e9 pour :<\/p><ul><li>Toute impr\u00e9cision, inexactitude ou omission relative aux informations disponibles sur le Site ;<\/li><li>Les dommages r\u00e9sultant d&#8217;une modification des informations figurant sur le Site caus\u00e9e par une \u00e9ventuelle manipulation frauduleuse effectu\u00e9e par des tiers ;<\/li><li>Tous dommages, directs ou indirects, quelles qu&#8217;en soient les causes, origines, nature ou cons\u00e9quences.<\/li><\/ul><p><strong>DROIT APPLICABLE ET JURIDICTION COMP\u00c9TENTE :<\/strong><br \/>Les pr\u00e9sentes mentions l\u00e9gales sont r\u00e9gies par le droit fran\u00e7ais. Tout litige relatif \u00e0 leur interpr\u00e9tation et\/ou \u00e0 leur ex\u00e9cution sera soumis aux tribunaux comp\u00e9tents de Lyon.<\/p><p><strong>MODIFICATION DES MENTIONS L\u00c9GALES : <\/strong><br \/>La soci\u00e9t\u00e9 SybotX se r\u00e9serve le droit de modifier, \u00e0 tout moment et sans pr\u00e9avis, les pr\u00e9sentes mentions l\u00e9gales afin de les adapter aux \u00e9volutions du Site et\/ou de son exploitation. Les utilisateurs sont donc invit\u00e9s \u00e0 les consulter r\u00e9guli\u00e8rement.<\/p><p><strong>CONTACT : <\/strong><br \/>Pour toute question ou demande d\u2019information concernant le Site, vous pouvez nous contacter \u00e0 l\u2019adresse suivante : <a href=\"mailto:contact@sybotx.com\" target=\"_new\">contact@sybotx.com<\/a><\/p><p><strong>PRESTATAIRES :\u00a0 <\/strong><br \/><span style=\"text-decoration: underline;\">H\u00e9bergement du site : <\/span><br \/>OVH, SAS au capital de 10 069 020 \u20ac<br \/>RCS Lille M\u00e9tropole 424 761 419 00045<br \/>Code APE : 2620Z<br \/>N\u00b0 TVA : FR 22 424 761 419<br \/>Si\u00e8ge social : 2 rue Kellermann &#8211; 59100 ROUBAIX &#8211; France<\/p>\t\t\t\t\t\t\t\t<\/div>\n\t\t\t\t<\/div>\n\t\t\t\t\t<\/div>\n\t\t\t\t<\/div>\n\t\t\t\t<\/div>\n\t\t","protected":false},"excerpt":{"rendered":"<p>MENTIONS L\u00c9GALES IDENTIT\u00c9 : Le site www.sybotx.com (ci-apr\u00e8s d\u00e9nomm\u00e9 le \u00ab Site \u00bb) est \u00e9dit\u00e9 et exploit\u00e9 par la soci\u00e9t\u00e9 SybotX, SAS de droit fran\u00e7ais au capital social de 10 000 \u20ac, dont le si\u00e8ge social est situ\u00e9 Immeuble Danica B 21, avenue Georges Pompidou 69003 &#8211; Lyon (France), immatricul\u00e9e au Registre du commerce et [&hellip;]<\/p>\n","protected":false},"author":1,"featured_media":0,"parent":0,"menu_order":0,"comment_status":"closed","ping_status":"closed","template":"","meta":{"footnotes":""},"class_list":["post-8717","page","type-page","status-publish","hentry"],"aioseo_notices":[],"_links":{"self":[{"href":"https:\/\/testmaj.sybotx.fr\/wordpress\/wp-json\/wp\/v2\/pages\/8717","targetHints":{"allow":["GET"]}}],"collection":[{"href":"https:\/\/testmaj.sybotx.fr\/wordpress\/wp-json\/wp\/v2\/pages"}],"about":[{"href":"https:\/\/testmaj.sybotx.fr\/wordpress\/wp-json\/wp\/v2\/types\/page"}],"author":[{"embeddable":true,"href":"https:\/\/testmaj.sybotx.fr\/wordpress\/wp-json\/wp\/v2\/users\/1"}],"replies":[{"embeddable":true,"href":"https:\/\/testmaj.sybotx.fr\/wordpress\/wp-json\/wp\/v2\/comments?post=8717"}],"version-history":[{"count":0,"href":"https:\/\/testmaj.sybotx.fr\/wordpress\/wp-json\/wp\/v2\/pages\/8717\/revisions"}],"wp:attachment":[{"href":"https:\/\/testmaj.sybotx.fr\/wordpress\/wp-json\/wp\/v2\/media?parent=8717"}],"curies":[{"name":"wp","href":"https:\/\/api.w.org\/{rel}","templated":true}]}}