{"id":11091,"date":"2023-06-13T07:56:10","date_gmt":"2023-06-13T05:56:10","guid":{"rendered":"https:\/\/testmaj.sybotx.fr\/wordpress\/?page_id=11091"},"modified":"2023-08-21T10:17:50","modified_gmt":"2023-08-21T08:17:50","slug":"events","status":"publish","type":"page","link":"https:\/\/testmaj.sybotx.fr\/wordpress\/en\/events\/","title":{"rendered":"Events"},"content":{"rendered":"\t\t<div data-elementor-type=\"wp-page\" data-elementor-id=\"11091\" class=\"elementor elementor-11091\">\n\t\t\t\t<div class=\"elementor-element elementor-element-99c31dc e-flex e-con-boxed e-con e-parent\" data-id=\"99c31dc\" data-element_type=\"container\" data-e-type=\"container\">\n\t\t\t\t\t<div class=\"e-con-inner\">\n\t\t\t\t\t<\/div>\n\t\t\t\t<\/div>\n\t\t\t\t<section class=\"elementor-section elementor-top-section elementor-element elementor-element-807dd50 elementor-section-full_width elementor-section-height-min-height elementor-section-height-default elementor-section-items-middle\" data-id=\"807dd50\" data-element_type=\"section\" data-e-type=\"section\" data-settings=\"{&quot;background_background&quot;:&quot;slideshow&quot;,&quot;background_slideshow_gallery&quot;:[{&quot;id&quot;:9607,&quot;url&quot;:&quot;https:\\\/\\\/testmaj.sybotx.fr\\\/wordpress\\\/wp-content\\\/uploads\\\/2023\\\/05\\\/Photo_Projet_Degrade.jpg&quot;}],&quot;background_slideshow_slide_duration&quot;:5000,&quot;background_slideshow_slide_transition&quot;:&quot;fade&quot;,&quot;background_slideshow_transition_duration&quot;:500}\">\n\t\t\t\t\t\t<div class=\"elementor-container elementor-column-gap-default\">\n\t\t\t\t\t<div class=\"elementor-column elementor-col-100 elementor-top-column elementor-element elementor-element-6b91965\" data-id=\"6b91965\" data-element_type=\"column\" data-e-type=\"column\">\n\t\t\t<div class=\"elementor-widget-wrap elementor-element-populated\">\n\t\t\t\t\t\t<div class=\"elementor-element elementor-element-ddf2566 elementor-widget elementor-widget-heading\" data-id=\"ddf2566\" data-element_type=\"widget\" data-e-type=\"widget\" data-widget_type=\"heading.default\">\n\t\t\t\t<div class=\"elementor-widget-container\">\n\t\t\t\t\t<h2 class=\"elementor-heading-title elementor-size-default\">EVENTS<\/h2>\t\t\t\t<\/div>\n\t\t\t\t<\/div>\n\t\t\t\t\t<\/div>\n\t\t<\/div>\n\t\t\t\t\t<\/div>\n\t\t<\/section>\n\t\t\t\t<section class=\"elementor-section elementor-top-section elementor-element elementor-element-ea38492 elementor-section-boxed elementor-section-height-default elementor-section-height-default\" data-id=\"ea38492\" data-element_type=\"section\" data-e-type=\"section\">\n\t\t\t\t\t\t<div class=\"elementor-container elementor-column-gap-default\">\n\t\t\t\t\t<div class=\"elementor-column elementor-col-100 elementor-top-column elementor-element elementor-element-c4ec74c\" data-id=\"c4ec74c\" data-element_type=\"column\" data-e-type=\"column\">\n\t\t\t<div class=\"elementor-widget-wrap elementor-element-populated\">\n\t\t\t\t\t\t<div class=\"elementor-element elementor-element-c2067ec elementor-widget elementor-widget-restly_blog\" data-id=\"c2067ec\" data-element_type=\"widget\" data-e-type=\"widget\" data-widget_type=\"restly_blog.default\">\n\t\t\t\t<div class=\"elementor-widget-container\">\n\t\t\t\t\t        <div class=\"restly-blog-post-wrapper\">\r\n            <div class=\"restly-blog-post-box\">\r\n                <div class=\"row \">\r\n                                        <div class=\"col-12 col-sm-12 col-md-6 col-lg-4\">\r\n                        <div class=\"restly-blog-post-item restly-blog-one\">\r\n                                                        <div class=\"restly-blog-post-img\">\r\n                                <img fetchpriority=\"high\" decoding=\"async\" width=\"1080\" height=\"720\" src=\"https:\/\/testmaj.sybotx.fr\/wordpress\/wp-content\/uploads\/2024\/05\/IndustrieDuFutur.png\" class=\"img-responsive wp-post-image\" alt=\"\" srcset=\"https:\/\/testmaj.sybotx.fr\/wordpress\/wp-content\/uploads\/2024\/05\/IndustrieDuFutur.png 1080w, https:\/\/testmaj.sybotx.fr\/wordpress\/wp-content\/uploads\/2024\/05\/IndustrieDuFutur-300x200.png 300w, https:\/\/testmaj.sybotx.fr\/wordpress\/wp-content\/uploads\/2024\/05\/IndustrieDuFutur-1024x683.png 1024w, https:\/\/testmaj.sybotx.fr\/wordpress\/wp-content\/uploads\/2024\/05\/IndustrieDuFutur-768x512.png 768w\" sizes=\"(max-width: 1080px) 100vw, 1080px\" \/>                            <\/div>\r\n                                                        <div class=\"restly-blog-post-content\">\r\n                                <div class=\"restly-blog-top-area\">\r\n                                                                        <div class=\"post-meta-item\">\r\n                                        <ul>\r\n                                                                                    <li><i class=\"fas fa-calendar-alt\"><\/i><span class=\"posted-on\"><a href=\"https:\/\/testmaj.sybotx.fr\/wordpress\/en\/sepem-grenoble-2022-en\/\" rel=\"bookmark\"><time class=\"entry-date published updated\" datetime=\"2024-05-13T11:07:55+02:00\">13 May 2024<\/time><\/a><\/span><\/li>\r\n                                                                                        <li class=\"post-cat\"><i class=\"fas fa-tag\"><\/i><a href=\"https:\/\/testmaj.sybotx.fr\/wordpress\/en\/category\/events\/\" rel=\"category tag\">EVENTS<\/a><\/li>\r\n                                                                                    <\/ul>\r\n                                    <\/div>\r\n                                    <div class=\"restly-blog-post-title\">\r\n                                        <a href=\"https:\/\/testmaj.sybotx.fr\/wordpress\/en\/sepem-grenoble-2022-en\/\">SEPEM GRENOBLE 2022<\/a>\r\n                                    <\/div>\r\n                                    <div class=\"restly-post-dec\">\r\n                                        <P>SEPEM Grenoble : Une r\u00e9f\u00e9rence en ing\u00e9nierie&hellip;<\/P>\r\n                                    <\/div>\r\n                                <\/div>\r\n                                                                <div class=\"restly-blog-post-author\">\r\n                                    <img alt='' src='https:\/\/secure.gravatar.com\/avatar\/56e532edb7bd68d767fad268b267b8b838e0e06a413633d89a6fa48321a5408e?s=60&#038;d=mm&#038;r=g' srcset='https:\/\/secure.gravatar.com\/avatar\/56e532edb7bd68d767fad268b267b8b838e0e06a413633d89a6fa48321a5408e?s=120&#038;d=mm&#038;r=g 2x' class='avatar avatar-60 photo' height='60' width='60' \/>By<span class=\"byline\"><span class=\"author vcard\"><a class=\"url fn n\" href=\"https:\/\/testmaj.sybotx.fr\/wordpress\/author\/admin_sybotx\/\">SybotX<\/a><\/span><\/span>                                <\/div>\r\n                                                            <\/div>\r\n                        <\/div>\r\n                    <\/div>\r\n                                        <div class=\"col-12 col-sm-12 col-md-6 col-lg-4\">\r\n                        <div class=\"restly-blog-post-item restly-blog-one\">\r\n                                                        <div class=\"restly-blog-post-img\">\r\n                                <img decoding=\"async\" width=\"1080\" height=\"720\" src=\"https:\/\/testmaj.sybotx.fr\/wordpress\/wp-content\/uploads\/2023\/08\/Global_Industrie_Lyon_2022.jpg\" class=\"img-responsive wp-post-image\" alt=\"Global_Industrie_Lyon_2022\" srcset=\"https:\/\/testmaj.sybotx.fr\/wordpress\/wp-content\/uploads\/2023\/08\/Global_Industrie_Lyon_2022.jpg 1080w, https:\/\/testmaj.sybotx.fr\/wordpress\/wp-content\/uploads\/2023\/08\/Global_Industrie_Lyon_2022-300x200.jpg 300w, https:\/\/testmaj.sybotx.fr\/wordpress\/wp-content\/uploads\/2023\/08\/Global_Industrie_Lyon_2022-1024x683.jpg 1024w, https:\/\/testmaj.sybotx.fr\/wordpress\/wp-content\/uploads\/2023\/08\/Global_Industrie_Lyon_2022-768x512.jpg 768w\" sizes=\"(max-width: 1080px) 100vw, 1080px\" \/>                            <\/div>\r\n                                                        <div class=\"restly-blog-post-content\">\r\n                                <div class=\"restly-blog-top-area\">\r\n                                                                        <div class=\"post-meta-item\">\r\n                                        <ul>\r\n                                                                                    <li><i class=\"fas fa-calendar-alt\"><\/i><span class=\"posted-on\"><a href=\"https:\/\/testmaj.sybotx.fr\/wordpress\/en\/global-industrie-2023-2\/\" rel=\"bookmark\"><time class=\"entry-date published updated\" datetime=\"2023-08-10T13:32:41+02:00\">10 August 2023<\/time><\/a><\/span><\/li>\r\n                                                                                        <li class=\"post-cat\"><i class=\"fas fa-tag\"><\/i><a href=\"https:\/\/testmaj.sybotx.fr\/wordpress\/en\/category\/events\/\" rel=\"category tag\">EVENTS<\/a><\/li>\r\n                                                                                    <\/ul>\r\n                                    <\/div>\r\n                                    <div class=\"restly-blog-post-title\">\r\n                                        <a href=\"https:\/\/testmaj.sybotx.fr\/wordpress\/en\/global-industrie-2023-2\/\">GLOBAL INDUSTRIE 2023<\/a>\r\n                                    <\/div>\r\n                                    <div class=\"restly-post-dec\">\r\n                                        <P>Participation in the Global Industrie 2023 Exhibition&hellip;<\/P>\r\n                                    <\/div>\r\n                                <\/div>\r\n                                                                <div class=\"restly-blog-post-author\">\r\n                                    <img alt='' src='https:\/\/secure.gravatar.com\/avatar\/56e532edb7bd68d767fad268b267b8b838e0e06a413633d89a6fa48321a5408e?s=60&#038;d=mm&#038;r=g' srcset='https:\/\/secure.gravatar.com\/avatar\/56e532edb7bd68d767fad268b267b8b838e0e06a413633d89a6fa48321a5408e?s=120&#038;d=mm&#038;r=g 2x' class='avatar avatar-60 photo' height='60' width='60' \/>By<span class=\"byline\"><span class=\"author vcard\"><a class=\"url fn n\" href=\"https:\/\/testmaj.sybotx.fr\/wordpress\/author\/admin_sybotx\/\">SybotX<\/a><\/span><\/span>                                <\/div>\r\n                                                            <\/div>\r\n                        <\/div>\r\n                    <\/div>\r\n                                        <div class=\"col-12 col-sm-12 col-md-6 col-lg-4\">\r\n                        <div class=\"restly-blog-post-item restly-blog-one\">\r\n                                                        <div class=\"restly-blog-post-img\">\r\n                                <img decoding=\"async\" width=\"1080\" height=\"720\" src=\"https:\/\/testmaj.sybotx.fr\/wordpress\/wp-content\/uploads\/2023\/08\/Salon_Sepem_Colmar_2022.jpg\" class=\"img-responsive wp-post-image\" alt=\"Salon_Sepem_Colmar_2022\" srcset=\"https:\/\/testmaj.sybotx.fr\/wordpress\/wp-content\/uploads\/2023\/08\/Salon_Sepem_Colmar_2022.jpg 1080w, https:\/\/testmaj.sybotx.fr\/wordpress\/wp-content\/uploads\/2023\/08\/Salon_Sepem_Colmar_2022-300x200.jpg 300w, https:\/\/testmaj.sybotx.fr\/wordpress\/wp-content\/uploads\/2023\/08\/Salon_Sepem_Colmar_2022-1024x683.jpg 1024w, https:\/\/testmaj.sybotx.fr\/wordpress\/wp-content\/uploads\/2023\/08\/Salon_Sepem_Colmar_2022-768x512.jpg 768w\" sizes=\"(max-width: 1080px) 100vw, 1080px\" \/>                            <\/div>\r\n                                                        <div class=\"restly-blog-post-content\">\r\n                                <div class=\"restly-blog-top-area\">\r\n                                                                        <div class=\"post-meta-item\">\r\n                                        <ul>\r\n                                                                                    <li><i class=\"fas fa-calendar-alt\"><\/i><span class=\"posted-on\"><a href=\"https:\/\/testmaj.sybotx.fr\/wordpress\/en\/sepem-colmar-2022-en\/\" rel=\"bookmark\"><time class=\"entry-date published updated\" datetime=\"2023-08-10T10:19:58+02:00\">10 August 2023<\/time><\/a><\/span><\/li>\r\n                                                                                        <li class=\"post-cat\"><i class=\"fas fa-tag\"><\/i><a href=\"https:\/\/testmaj.sybotx.fr\/wordpress\/en\/category\/events\/\" rel=\"category tag\">EVENTS<\/a><\/li>\r\n                                                                                    <\/ul>\r\n                                    <\/div>\r\n                                    <div class=\"restly-blog-post-title\">\r\n                                        <a href=\"https:\/\/testmaj.sybotx.fr\/wordpress\/en\/sepem-colmar-2022-en\/\">SEPEM COLMAR 2022<\/a>\r\n                                    <\/div>\r\n                                    <div class=\"restly-post-dec\">\r\n                                        <P>Sepem Colmar 2022 : Innovative Solutions for&hellip;<\/P>\r\n                                    <\/div>\r\n                                <\/div>\r\n                                                                <div class=\"restly-blog-post-author\">\r\n                                    <img alt='' src='https:\/\/secure.gravatar.com\/avatar\/56e532edb7bd68d767fad268b267b8b838e0e06a413633d89a6fa48321a5408e?s=60&#038;d=mm&#038;r=g' srcset='https:\/\/secure.gravatar.com\/avatar\/56e532edb7bd68d767fad268b267b8b838e0e06a413633d89a6fa48321a5408e?s=120&#038;d=mm&#038;r=g 2x' class='avatar avatar-60 photo' height='60' width='60' \/>By<span class=\"byline\"><span class=\"author vcard\"><a class=\"url fn n\" href=\"https:\/\/testmaj.sybotx.fr\/wordpress\/author\/admin_sybotx\/\">SybotX<\/a><\/span><\/span>                                <\/div>\r\n                                                            <\/div>\r\n                        <\/div>\r\n                    <\/div>\r\n                                        <div class=\"col-12 col-sm-12 col-md-6 col-lg-4\">\r\n                        <div class=\"restly-blog-post-item restly-blog-one\">\r\n                                                        <div class=\"restly-blog-post-img\">\r\n                                <img loading=\"lazy\" decoding=\"async\" width=\"1080\" height=\"720\" src=\"https:\/\/testmaj.sybotx.fr\/wordpress\/wp-content\/uploads\/2023\/06\/SalonJeunesAvenirs.png\" class=\"img-responsive wp-post-image\" alt=\"SalonJeunesAvenirs2023\" srcset=\"https:\/\/testmaj.sybotx.fr\/wordpress\/wp-content\/uploads\/2023\/06\/SalonJeunesAvenirs.png 1080w, https:\/\/testmaj.sybotx.fr\/wordpress\/wp-content\/uploads\/2023\/06\/SalonJeunesAvenirs-300x200.png 300w, https:\/\/testmaj.sybotx.fr\/wordpress\/wp-content\/uploads\/2023\/06\/SalonJeunesAvenirs-1024x683.png 1024w, https:\/\/testmaj.sybotx.fr\/wordpress\/wp-content\/uploads\/2023\/06\/SalonJeunesAvenirs-768x512.png 768w\" sizes=\"(max-width: 1080px) 100vw, 1080px\" \/>                            <\/div>\r\n                                                        <div class=\"restly-blog-post-content\">\r\n                                <div class=\"restly-blog-top-area\">\r\n                                                                        <div class=\"post-meta-item\">\r\n                                        <ul>\r\n                                                                                    <li><i class=\"fas fa-calendar-alt\"><\/i><span class=\"posted-on\"><a href=\"https:\/\/testmaj.sybotx.fr\/wordpress\/en\/youth-futures-fair\/\" rel=\"bookmark\"><time class=\"entry-date published updated\" datetime=\"2023-08-09T15:45:41+02:00\">9 August 2023<\/time><\/a><\/span><\/li>\r\n                                                                                        <li class=\"post-cat\"><i class=\"fas fa-tag\"><\/i><a href=\"https:\/\/testmaj.sybotx.fr\/wordpress\/en\/category\/events\/\" rel=\"category tag\">EVENTS<\/a><\/li>\r\n                                                                                    <\/ul>\r\n                                    <\/div>\r\n                                    <div class=\"restly-blog-post-title\">\r\n                                        <a href=\"https:\/\/testmaj.sybotx.fr\/wordpress\/en\/youth-futures-fair\/\">YOUTH FUTURES FAIR<\/a>\r\n                                    <\/div>\r\n                                    <div class=\"restly-post-dec\">\r\n                                        <P>Passionate students in robotic engineering and automation,&hellip;<\/P>\r\n                                    <\/div>\r\n                                <\/div>\r\n                                                                <div class=\"restly-blog-post-author\">\r\n                                    <img alt='' src='https:\/\/secure.gravatar.com\/avatar\/56e532edb7bd68d767fad268b267b8b838e0e06a413633d89a6fa48321a5408e?s=60&#038;d=mm&#038;r=g' srcset='https:\/\/secure.gravatar.com\/avatar\/56e532edb7bd68d767fad268b267b8b838e0e06a413633d89a6fa48321a5408e?s=120&#038;d=mm&#038;r=g 2x' class='avatar avatar-60 photo' height='60' width='60' \/>By<span class=\"byline\"><span class=\"author vcard\"><a class=\"url fn n\" href=\"https:\/\/testmaj.sybotx.fr\/wordpress\/author\/admin_sybotx\/\">SybotX<\/a><\/span><\/span>                                <\/div>\r\n                                                            <\/div>\r\n                        <\/div>\r\n                    <\/div>\r\n                                                                                                    <\/div>\r\n            <\/div>\r\n        <\/div>\r\n        \t\t\t\t<\/div>\n\t\t\t\t<\/div>\n\t\t\t\t\t<\/div>\n\t\t<\/div>\n\t\t\t\t\t<\/div>\n\t\t<\/section>\n\t\t\t\t<\/div>\n\t\t","protected":false},"excerpt":{"rendered":"<p>EVENTS 10 August 2023 EVENTS GLOBAL INDUSTRIE 2023 Participation in the Global Industrie 2023 Exhibition&hellip; BySybotX 10 August 2023 EVENTS SEPEM GRENOBLE 2022 SEPEM Grenoble : Une r\u00e9f\u00e9rence en ing\u00e9nierie&hellip; BySybotX 10 August 2023 EVENTS SEPEM COLMAR 2022 Sepem Colmar 2022 : Innovative Solutions for&hellip; BySybotX 9 August 2023 EVENTS YOUTH FUTURES FAIR Passionate students [&hellip;]<\/p>\n","protected":false},"author":1,"featured_media":0,"parent":0,"menu_order":0,"comment_status":"closed","ping_status":"closed","template":"blank-template.php","meta":{"footnotes":""},"class_list":["post-11091","page","type-page","status-publish","hentry"],"aioseo_notices":[],"_links":{"self":[{"href":"https:\/\/testmaj.sybotx.fr\/wordpress\/wp-json\/wp\/v2\/pages\/11091","targetHints":{"allow":["GET"]}}],"collection":[{"href":"https:\/\/testmaj.sybotx.fr\/wordpress\/wp-json\/wp\/v2\/pages"}],"about":[{"href":"https:\/\/testmaj.sybotx.fr\/wordpress\/wp-json\/wp\/v2\/types\/page"}],"author":[{"embeddable":true,"href":"https:\/\/testmaj.sybotx.fr\/wordpress\/wp-json\/wp\/v2\/users\/1"}],"replies":[{"embeddable":true,"href":"https:\/\/testmaj.sybotx.fr\/wordpress\/wp-json\/wp\/v2\/comments?post=11091"}],"version-history":[{"count":0,"href":"https:\/\/testmaj.sybotx.fr\/wordpress\/wp-json\/wp\/v2\/pages\/11091\/revisions"}],"wp:attachment":[{"href":"https:\/\/testmaj.sybotx.fr\/wordpress\/wp-json\/wp\/v2\/media?parent=11091"}],"curies":[{"name":"wp","href":"https:\/\/api.w.org\/{rel}","templated":true}]}}